{"id":28,"date":"2012-12-04T15:21:02","date_gmt":"2012-12-04T15:21:02","guid":{"rendered":"http:\/\/epona-marketing.de\/?page_id=28"},"modified":"2018-05-23T14:47:38","modified_gmt":"2018-05-23T14:47:38","slug":"projekte","status":"publish","type":"page","link":"https:\/\/epona-marketing.de\/?page_id=28","title":{"rendered":"Projekte"},"content":{"rendered":"<h4><a href=\"http:\/\/epona-marketing.de\/?attachment_id=698\" rel=\"attachment wp-att-698\"><img loading=\"lazy\" decoding=\"async\" class=\"size-full wp-image-698 aligncenter\" src=\"http:\/\/epona-marketing.de\/wp-content\/uploads\/2012\/12\/Marketing-Button_neu1.png\" alt=\"Marketing-Button_neu\" width=\"657\" height=\"206\" srcset=\"https:\/\/epona-marketing.de\/wp-content\/uploads\/2012\/12\/Marketing-Button_neu1.png 1481w, https:\/\/epona-marketing.de\/wp-content\/uploads\/2012\/12\/Marketing-Button_neu1-300x94.png 300w, https:\/\/epona-marketing.de\/wp-content\/uploads\/2012\/12\/Marketing-Button_neu1-1024x321.png 1024w\" sizes=\"auto, (max-width: 657px) 100vw, 657px\" \/><\/a><\/h4>\n<p><span style=\"color: #333333;\"><strong>Das Herzst\u00fcck von Epona Marketing bin ich, Antje Stephan. Meine \u00fcber 30 Jahre Erfahrungen in Marketing und Kreation auf Agenturseite sowie auf Handelsseite und als Selbst\u00e4ndige bilden die Grundlage, um Sie mit neue Ideen und Wegen zu \u00fcberraschen. Je nach Gr\u00f6sse des Projektes arbeite ich entweder alleine an ihrem Projekt oder ich bilde ein starkes Team aus erfahrenen Textern, Fotografen, Programmierern, Illustratoren uvm.. <strong>Das hat f\u00fcr Sie den Vorteil, qualitativ hochwertige Agenturleistung zu bekommen, ohne hohe Agenturkosten.<\/strong> In der Zusammenarbeit \u00e4ndert das f\u00fcr Sie dadurch nichts, ich bin ihre alleinige Ansprechpartnerin.<br \/>\n<\/strong><\/span><\/p>\n<h2><\/h2>\n<div class=\"one_third\"><div class=\"custom \" style=\"background:-moz-linear-gradient(center top , #FFFFFF, #EEEEEE) repeat scroll 0 0 transparent;\n\t\t\t\t\t\t   background: -webkit-gradient(linear, center top, center bottom, from(#FFFFFF), to(#EEEEEE));\n\t\t\t\t\t\t   background: -o-linear-gradient(top, #FFFFFF 0%,#EEEEEE 99%); \/* Opera 11.10+ *\/\n\t\t\t\t\t\t   background: -ms-linear-gradient(top, #FFFFFF 0%,#EEEEEE 99%); \/* IE10+ *\/\n\t\t\t\t\t\t   margin-left:0 !important;\n\t\t\t\t\t\t   margin-right:0 !important;\n\t\t\t\t\t\t   border:1px solid #BBBBBB;\n\t\t\t\t\t\t   background-color: #EEEEEE;\n\t\t\t\t\t\t   width:100%;\n\t\t\t\t\t\t   color:#333333;\"><div class=\"inner-padding\">\n\n<h2><span style=\"color: #0093d3;\"><strong>Konzept<\/strong><\/span><\/h2>\n<ul class=\"list-2\">\n<li>Idee<\/li>\n<li>USP (Einzigartigkeit\/Alleinstellungsmerkmal)<\/li>\n<li>Strategie und Ziel<\/li>\n<li>Kreation: CI-Entwicklung, Erscheinungsbild, neue Produkte, Relaunch<\/li>\n<li>Marketing-Mix Plan<\/li>\n<li>PR-Konzept<\/li>\n<li>Online-Konzept<\/li>\n<li>Promotion-Konzept: VKF-Aktion, Roadshow, Messeauftritt<\/li>\n<li>Media-Konzept<\/li>\n<li>Zielgruppenanalyse<\/li>\n<\/ul>\n\n<\/div><\/div><\/div> <div class=\"one_third\"><div class=\"custom \" style=\"background:-moz-linear-gradient(center top , #FFFFFF, dc4a94) repeat scroll 0 0 transparent;\n\t\t\t\t\t\t   background: -webkit-gradient(linear, center top, center bottom, from(#FFFFFF), to(dc4a94));\n\t\t\t\t\t\t   background: -o-linear-gradient(top, #FFFFFF 0%,dc4a94 99%); \/* Opera 11.10+ *\/\n\t\t\t\t\t\t   background: -ms-linear-gradient(top, #FFFFFF 0%,dc4a94 99%); \/* IE10+ *\/\n\t\t\t\t\t\t   margin-left:0 !important;\n\t\t\t\t\t\t   margin-right:0 !important;\n\t\t\t\t\t\t   border:1px solid #BBBBBB;\n\t\t\t\t\t\t   background-color: dc4a94;\n\t\t\t\t\t\t   width:100%;\n\t\t\t\t\t\t   color:#333333;\"><div class=\"inner-padding\">\n<div>\n<h2><span style=\"color: #dc4a94;\"><strong>Print<\/strong><\/span><\/h2>\n<\/div>\n\n<ul class=\"list-2\">\n<li>Print Medien; Anzeigen, Brosch\u00fcren, Flyer, Katalog<\/li>\n<li>Logo, Gesch\u00e4ftspapier<\/li>\n<li>Buch Cover, Gesellschaftsspiele<\/li>\n<li>Verpackungen (Food\/Non-Food): Privat Label, Eigenmarke, Verpackungsneuentwicklung<\/li>\n<\/ul>\n\n<\/div><\/div><\/div> <div class=\"one_third last_column\"><div class=\"custom \" style=\"background:-moz-linear-gradient(center top , #FFFFFF, f9a320) repeat scroll 0 0 transparent;\n\t\t\t\t\t\t   background: -webkit-gradient(linear, center top, center bottom, from(#FFFFFF), to(f9a320));\n\t\t\t\t\t\t   background: -o-linear-gradient(top, #FFFFFF 0%,f9a320 99%); \/* Opera 11.10+ *\/\n\t\t\t\t\t\t   background: -ms-linear-gradient(top, #FFFFFF 0%,f9a320 99%); \/* IE10+ *\/\n\t\t\t\t\t\t   margin-left:0 !important;\n\t\t\t\t\t\t   margin-right:0 !important;\n\t\t\t\t\t\t   border:1px solid #BBBBBB;\n\t\t\t\t\t\t   background-color: f9a320;\n\t\t\t\t\t\t   width:100%;\n\t\t\t\t\t\t   color:#333333;\"><div class=\"inner-padding\">\n<div>\n<h2><span style=\"color: #f9a320;\"><strong>Online<\/strong><\/span><\/h2>\n<\/div>\n\n\n<ul class=\"list-2\">\n<li>website: Screendesign, Programmierung und Hosting<\/li>\n<li>Social Media<\/li>\n<li>Banner<\/li>\n<li>Newsletter<\/li>\n<li>Video: Unternehmen, Produkte, Dienstleistungen<\/li>\n<li>TV: Prozessmanagement, IMC Pakete<\/li>\n<li>Funk<\/li>\n<\/ul>\n\n<\/div><\/div><\/div>\n<p>&nbsp;<\/p>\n<p>&nbsp;<\/p>\n","protected":false},"excerpt":{"rendered":"<p>Das Herzst\u00fcck von Epona Marketing bin ich, Antje Stephan. Meine \u00fcber 30 Jahre Erfahrungen in Marketing und Kreation auf Agenturseite sowie auf Handelsseite und als Selbst\u00e4ndige bilden die Grundlage, um Sie mit neue Ideen und Wegen zu \u00fcberraschen. Je nach Gr\u00f6sse des Projektes arbeite ich entweder alleine<\/p>\n","protected":false},"author":1,"featured_media":0,"parent":0,"menu_order":0,"comment_status":"open","ping_status":"closed","template":"page-FullWidth.php","meta":{"footnotes":""},"class_list":["post-28","page","type-page","status-publish","hentry"],"_links":{"self":[{"href":"https:\/\/epona-marketing.de\/index.php?rest_route=\/wp\/v2\/pages\/28","targetHints":{"allow":["GET"]}}],"collection":[{"href":"https:\/\/epona-marketing.de\/index.php?rest_route=\/wp\/v2\/pages"}],"about":[{"href":"https:\/\/epona-marketing.de\/index.php?rest_route=\/wp\/v2\/types\/page"}],"author":[{"embeddable":true,"href":"https:\/\/epona-marketing.de\/index.php?rest_route=\/wp\/v2\/users\/1"}],"replies":[{"embeddable":true,"href":"https:\/\/epona-marketing.de\/index.php?rest_route=%2Fwp%2Fv2%2Fcomments&post=28"}],"version-history":[{"count":59,"href":"https:\/\/epona-marketing.de\/index.php?rest_route=\/wp\/v2\/pages\/28\/revisions"}],"predecessor-version":[{"id":1211,"href":"https:\/\/epona-marketing.de\/index.php?rest_route=\/wp\/v2\/pages\/28\/revisions\/1211"}],"wp:attachment":[{"href":"https:\/\/epona-marketing.de\/index.php?rest_route=%2Fwp%2Fv2%2Fmedia&parent=28"}],"curies":[{"name":"wp","href":"https:\/\/api.w.org\/{rel}","templated":true}]}}